{"id":131,"date":"2021-12-06T19:58:31","date_gmt":"2021-12-06T19:58:31","guid":{"rendered":"https:\/\/vis-de-iarna.ro\/?post_type=product&#038;p=131"},"modified":"2021-12-12T17:02:14","modified_gmt":"2021-12-12T17:02:14","slug":"elise","status":"publish","type":"product","link":"https:\/\/vis-de-iarna.ro\/index.php\/produs\/elise\/","title":{"rendered":"ELISE<br\/> set decora\u021biuni"},"content":{"rendered":"<p><span lang=\"ro-RO\">Set 3 ornamente suspendabile de Cr\u0103ciun.<\/span><\/p>\n<p><span lang=\"ro-RO\">Culoare Nude\/Gri\/Argintiu, material textil \u00eenalt\u0103 calitate: catifea, cristale din sticl\u0103, fund\u0103 gri, clopo\u021bel argintiu filigran, dimensiuni 10x10x14 cm. <\/span><\/p>\n","protected":false},"excerpt":{"rendered":"<p><span lang=\"ro-RO\">Set de 3 ornamente suspendabile de Cr\u0103ciun.<\/span><\/p>\n<p><span lang=\"ro-RO\">Culoare Nude\/Gri\/Argintiu, material textil \u00eenalt\u0103 calitate: catifea, cristale din sticl\u0103, fund\u0103 gri, clopo\u021bel argintiu filigran, dimensiuni 10x10x14 cm. <\/span><\/p>\n","protected":false},"featured_media":82,"comment_status":"open","ping_status":"closed","template":"","meta":[],"product_cat":[22],"product_tag":[],"class_list":["post-131","product","type-product","status-publish","has-post-thumbnail","hentry","product_cat-royal-collection-2021"],"_links":{"self":[{"href":"https:\/\/vis-de-iarna.ro\/index.php\/wp-json\/wp\/v2\/product\/131","targetHints":{"allow":["GET"]}}],"collection":[{"href":"https:\/\/vis-de-iarna.ro\/index.php\/wp-json\/wp\/v2\/product"}],"about":[{"href":"https:\/\/vis-de-iarna.ro\/index.php\/wp-json\/wp\/v2\/types\/product"}],"replies":[{"embeddable":true,"href":"https:\/\/vis-de-iarna.ro\/index.php\/wp-json\/wp\/v2\/comments?post=131"}],"wp:featuredmedia":[{"embeddable":true,"href":"https:\/\/vis-de-iarna.ro\/index.php\/wp-json\/wp\/v2\/media\/82"}],"wp:attachment":[{"href":"https:\/\/vis-de-iarna.ro\/index.php\/wp-json\/wp\/v2\/media?parent=131"}],"wp:term":[{"taxonomy":"product_cat","embeddable":true,"href":"https:\/\/vis-de-iarna.ro\/index.php\/wp-json\/wp\/v2\/product_cat?post=131"},{"taxonomy":"product_tag","embeddable":true,"href":"https:\/\/vis-de-iarna.ro\/index.php\/wp-json\/wp\/v2\/product_tag?post=131"}],"curies":[{"name":"wp","href":"https:\/\/api.w.org\/{rel}","templated":true}]}}