{"id":135,"date":"2021-12-06T20:04:09","date_gmt":"2021-12-06T20:04:09","guid":{"rendered":"https:\/\/vis-de-iarna.ro\/?post_type=product&#038;p=135"},"modified":"2021-12-09T20:15:56","modified_gmt":"2021-12-09T20:15:56","slug":"victoria","status":"publish","type":"product","link":"https:\/\/vis-de-iarna.ro\/index.php\/produs\/victoria\/","title":{"rendered":"VICTORIA<br\/> set decora\u021biuni"},"content":{"rendered":"<p><span lang=\"ro-RO\">Set de 3 ornamente suspendabile de Cr\u0103ciun.<\/span><\/p>\n<p><span lang=\"ro-RO\">Culoare Bej\/Argintiu, material textil \u00eenalt\u0103 calitate: tafta \u0219i bl\u0103ni\u021b\u0103 fin\u0103, cristale din sticl\u0103, \u0219nur auriu, fund\u0103 metalizat\u0103 aurie, ciucure din m\u0103tase auriu, dimensiuni 10x10x17 cm. <\/span><\/p>\n","protected":false},"excerpt":{"rendered":"<p><span lang=\"ro-RO\">Set de 3 ornamente suspendabile de Cr\u0103ciun.<\/span><\/p>\n<p><span lang=\"ro-RO\">Culoare Bej\/Argintiu, material textil \u00eenalt\u0103 calitate: tafta \u0219i bl\u0103ni\u021b\u0103 fin\u0103, cristale din sticl\u0103, \u0219nur auriu, fund\u0103 metalizat\u0103 aurie, ciucure din m\u0103tase auriu, dimensiuni 10x10x17 cm. <\/span><\/p>\n<p><span lang=\"ro-RO\">\u00a0<\/span><\/p>\n","protected":false},"featured_media":90,"comment_status":"open","ping_status":"closed","template":"","meta":[],"product_cat":[22],"product_tag":[],"class_list":["post-135","product","type-product","status-publish","has-post-thumbnail","hentry","product_cat-royal-collection-2021"],"_links":{"self":[{"href":"https:\/\/vis-de-iarna.ro\/index.php\/wp-json\/wp\/v2\/product\/135","targetHints":{"allow":["GET"]}}],"collection":[{"href":"https:\/\/vis-de-iarna.ro\/index.php\/wp-json\/wp\/v2\/product"}],"about":[{"href":"https:\/\/vis-de-iarna.ro\/index.php\/wp-json\/wp\/v2\/types\/product"}],"replies":[{"embeddable":true,"href":"https:\/\/vis-de-iarna.ro\/index.php\/wp-json\/wp\/v2\/comments?post=135"}],"wp:featuredmedia":[{"embeddable":true,"href":"https:\/\/vis-de-iarna.ro\/index.php\/wp-json\/wp\/v2\/media\/90"}],"wp:attachment":[{"href":"https:\/\/vis-de-iarna.ro\/index.php\/wp-json\/wp\/v2\/media?parent=135"}],"wp:term":[{"taxonomy":"product_cat","embeddable":true,"href":"https:\/\/vis-de-iarna.ro\/index.php\/wp-json\/wp\/v2\/product_cat?post=135"},{"taxonomy":"product_tag","embeddable":true,"href":"https:\/\/vis-de-iarna.ro\/index.php\/wp-json\/wp\/v2\/product_tag?post=135"}],"curies":[{"name":"wp","href":"https:\/\/api.w.org\/{rel}","templated":true}]}}