{"id":137,"date":"2021-12-06T20:08:46","date_gmt":"2021-12-06T20:08:46","guid":{"rendered":"https:\/\/vis-de-iarna.ro\/?post_type=product&#038;p=137"},"modified":"2021-12-20T23:36:59","modified_gmt":"2021-12-20T23:36:59","slug":"carlos","status":"publish","type":"product","link":"https:\/\/vis-de-iarna.ro\/index.php\/produs\/carlos\/","title":{"rendered":"CARLOS<br\/> set decora\u021biuni"},"content":{"rendered":"<p><span lang=\"ro-RO\">Set de 3 ornamente suspendabile de Cr\u0103ciun.<\/span><\/p>\n<p><span lang=\"ro-RO\">Culoare Nude\/Argintiu, material textil \u00eenalt\u0103 calitate: catifea, fund\u0103 gri, pasmanterie argintie, dimensiuni 10x10x17 cm. <\/span><\/p>\n","protected":false},"excerpt":{"rendered":"<p><span lang=\"ro-RO\">Set de 3 ornamente suspendabile de Cr\u0103ciun.<\/span><\/p>\n<p><span lang=\"ro-RO\">Culoare Nude\/Argintiu, material textil \u00eenalt\u0103 calitate: catifea, fund\u0103 gri, pasmanterie argintie, dimensiuni 10x10x17 cm. <\/span><\/p>\n<p><span lang=\"ro-RO\">\u00a0<\/span><\/p>\n","protected":false},"featured_media":94,"comment_status":"open","ping_status":"closed","template":"","meta":[],"product_cat":[22],"product_tag":[],"class_list":["post-137","product","type-product","status-publish","has-post-thumbnail","hentry","product_cat-royal-collection-2021"],"_links":{"self":[{"href":"https:\/\/vis-de-iarna.ro\/index.php\/wp-json\/wp\/v2\/product\/137","targetHints":{"allow":["GET"]}}],"collection":[{"href":"https:\/\/vis-de-iarna.ro\/index.php\/wp-json\/wp\/v2\/product"}],"about":[{"href":"https:\/\/vis-de-iarna.ro\/index.php\/wp-json\/wp\/v2\/types\/product"}],"replies":[{"embeddable":true,"href":"https:\/\/vis-de-iarna.ro\/index.php\/wp-json\/wp\/v2\/comments?post=137"}],"wp:featuredmedia":[{"embeddable":true,"href":"https:\/\/vis-de-iarna.ro\/index.php\/wp-json\/wp\/v2\/media\/94"}],"wp:attachment":[{"href":"https:\/\/vis-de-iarna.ro\/index.php\/wp-json\/wp\/v2\/media?parent=137"}],"wp:term":[{"taxonomy":"product_cat","embeddable":true,"href":"https:\/\/vis-de-iarna.ro\/index.php\/wp-json\/wp\/v2\/product_cat?post=137"},{"taxonomy":"product_tag","embeddable":true,"href":"https:\/\/vis-de-iarna.ro\/index.php\/wp-json\/wp\/v2\/product_tag?post=137"}],"curies":[{"name":"wp","href":"https:\/\/api.w.org\/{rel}","templated":true}]}}